{"id":9861,"date":"2016-01-29T15:42:43","date_gmt":"2016-01-29T15:42:43","guid":{"rendered":"http:\/\/construction-pro.cmsmasters.net\/?page_id=9861"},"modified":"2024-06-13T10:29:32","modified_gmt":"2024-06-13T08:29:32","slug":"unsere-arbeit","status":"publish","type":"page","link":"https:\/\/stiftung-urologie.de\/?page_id=9861","title":{"rendered":"Was wir f\u00f6rdern"},"content":{"rendered":"<div id=\"cmsmasters_row_8jb08vvx7p\" class=\"cmsmasters_row cmsmasters_color_scheme_default cmsmasters_row_top_default cmsmasters_row_bot_default cmsmasters_row_fullwidth\">\n<div class=\"cmsmasters_row_outer_parent\">\n<div class=\"cmsmasters_row_outer\">\n<div class=\"cmsmasters_row_inner cmsmasters_row_fullwidth\">\n<div class=\"cmsmasters_row_margin\">\n<div class=\"cmsmasters_column one_first\">\n<div class=\"cmsmasters_slider\"><script type=\"text\/javascript\">jQuery(function() { _initLayerSlider( '#layerslider_5_u4knt3vht4q9', {sliderVersion: '7.11.1', allowFullscreen: true, startInViewport: false, cycles: 3, skin: 'v6', sliderFadeInDuration: 350, showCircleTimer: false, thumbnailNavigation: 'disabled', useSrcset: true, skinsPath: 'https:\/\/stiftung-urologie.de\/wp-content\/plugins\/LayerSlider\/assets\/static\/layerslider\/skins\/', performanceMode: true}); });<\/script><div id=\"layerslider_5_u4knt3vht4q9\"  class=\"ls-wp-container fitvidsignore ls-selectable\" style=\"width:1920px;height:839px;margin:0 auto;margin-bottom: 0px;\"><div class=\"ls-slide\" data-ls=\"bgposition:100% 0%;duration:100000;\"><h2 style=\"top:377px;left:375px;text-align:initial;font-weight:700;font-size:22px;line-height:36px;text-shadow:0px 0px 0px;background-color:rgba(255, 255, 255, 0);color:#ffffff;\" class=\"ls-l ls-text-layer\" data-ls=\"showinfo:1;position:relative;\">UROLOGISCHE KREBSERKRANKUNGEN<\/h2><h2 style=\"top:426px;left:371px;text-align:initial;font-weight:700;font-size:44px;line-height:50px;color:#081e24;\" class=\"ls-l ls-text-layer\" data-ls=\"showinfo:1;position:relative;\">MACHEN KNAPP 25% DER ERSTDIAGNOSEN<\/h2><h2 style=\"top:486px;left:371px;text-align:initial;font-weight:700;font-size:44px;line-height:50px;color:#081e24;\" class=\"ls-l ls-text-layer\" data-ls=\"showinfo:1;position:relative;\">AN KREBS IN DEUTSCHLAND AUS<\/h2><\/div><div class=\"ls-slide\" data-ls=\"bgposition:100% 0%;duration:100000;\"><h2 style=\"top:377px;left:375px;text-align:initial;font-weight:700;font-size:22px;line-height:36px;text-shadow:0px 0px 0px;background-color:rgba(255, 255, 255, 0);color:#ffffff;\" class=\"ls-l ls-text-layer\" data-ls=\"showinfo:1;position:relative;\">NACHWUCHSF\u00d6RDERUNG<\/h2><h2 style=\"top:426px;left:371px;text-align:initial;font-weight:700;font-size:44px;line-height:50px;color:#081e24;\" class=\"ls-l ls-text-layer\" data-ls=\"showinfo:1;position:relative;\">WIR F\u00d6RDERN INSBESONDERE<\/h2><h2 style=\"top:486px;left:371px;text-align:initial;font-weight:700;font-size:44px;line-height:50px;color:#081e24;\" class=\"ls-l ls-text-layer\" data-ls=\"showinfo:1;position:relative;\">JUNGE WISSENSCHAFTLERINNEN UND WISSENSCHAFTLER<\/h2><\/div><div class=\"ls-slide\" data-ls=\"bgposition:100% 0%;duration:100000;\"><h2 style=\"top:377px;left:375px;text-align:initial;font-weight:700;font-size:22px;line-height:36px;background-color:rgba(255, 255, 255, 0);text-shadow:0px 0px 0px;color:#ffffff;\" class=\"ls-l ls-text-layer\" data-ls=\"showinfo:1;position:relative;\">SPITZENFORSCHUNG<\/h2><h2 style=\"top:426px;left:371px;text-align:initial;font-weight:700;font-size:44px;line-height:50px;color:#081e24;\" class=\"ls-l ls-text-layer\" data-ls=\"showinfo:1;position:relative;\">WIR KOOPERIEREN ENG MIT DER<\/h2><h2 style=\"top:486px;left:371px;text-align:initial;font-weight:700;font-size:44px;line-height:50px;color:#081e24;\" class=\"ls-l ls-text-layer\" data-ls=\"showinfo:1;position:relative;\">KLINIK F\u00dcR UROLOGIE DER CHARIT\u00c8 BERLIN<\/h2><\/div><\/div><\/div>\n<\/div>\n<\/div>\n<\/div>\n<\/div>\n<\/div>\n<\/div>\n<div id=\"cmsmasters_row_muzlqrn8x\" class=\"cmsmasters_row cmsmasters_color_scheme_default cmsmasters_row_top_default cmsmasters_row_bot_default cmsmasters_row_boxed\">\n<div class=\"cmsmasters_row_outer_parent\">\n<div class=\"cmsmasters_row_outer\">\n<div class=\"cmsmasters_row_inner\">\n<div class=\"cmsmasters_row_margin\">\n<div class=\"cmsmasters_column one_first\">\n<div id=\"cmsmasters_fb_zja5xb4dp\" class=\"cmsmasters_featured_block\">\n<div class=\"featured_block_inner\">\n<div class=\"featured_block_text\">\n<div id=\"cmsmasters_heading_few1p22vt\" class=\"cmsmasters_heading_wrap cmsmasters_heading_align_center\">\n\t<h3 class=\"cmsmasters_heading\">UNSERE ARBEIT<\/h3>\n<\/div><div id=\"cmsmasters_heading_2x2ssuq3r\" class=\"cmsmasters_heading_wrap cmsmasters_heading_align_center\">\n\t<h2 class=\"cmsmasters_heading\">WIR F\u00d6RDERN UROLOGISCHE FORSCHUNG<\/h2>\n<\/div><div id=\"cmsmasters_divider_zqs8bjyogj\" class=\"cl\"><\/div><div class=\"cmsmasters_text\">\n<\/div>\n<p style=\"color: #787878; font-size: 16px; line-height: 26px; text-align: center;\">Die Stiftung Urologische Forschung f\u00f6rdert insbesondere junge Wissenschaftlerinnen und Wissenschaftler, die sich mit ihren Projekten der Urologie widmen. Dabei steht die Forschung im Bereich der urologischen Krebserkrankungen (Uro-Onkologie) im Vordergrund. Urologische Krebserkrankungen machen knapp ein Viertel der Erstdiagnosen an Krebs in Deutschland aus. In der m\u00e4nnlichen Bev\u00f6lkerung ist jeder dritte Mann von einem urologischen Tumor betroffen. Es geht vor allem um Forschungsinhalte in den Bereichen Prostatakarzinom, Harnblasenkarzinom und Nierenkarzinom. Aber auch andere Gebiete der Urologie, wie die Nierentransplantation, werden gef\u00f6rdert. Dabei besteht eine sehr enge Kooperation mit der Klinik f\u00fcr Urologie und Kinderurologie der Charit\u00e9.<\/p>\n<\/div>\n<\/div>\n<\/div>\n<\/div>\n<\/div>\n<\/div>\n<\/div>\n<\/div>\n<\/div>\n<div id=\"cmsmasters_row_aqvb8ummw8\" class=\"cmsmasters_row cmsmasters_color_scheme_default cmsmasters_row_top_default cmsmasters_row_bot_default cmsmasters_row_boxed\">\n<div class=\"cmsmasters_row_outer_parent\">\n<div class=\"cmsmasters_row_outer\">\n<div class=\"cmsmasters_row_inner cmsmasters_row_no_margin\">\n<div class=\"cmsmasters_row_margin cmsmasters_row_columns_behavior\">\n<div class=\"cmsmasters_column one_half\">\n<div id=\"cmsmasters_fb_r8qeozkp6\" class=\"cmsmasters_featured_block\">\n<div class=\"featured_block_inner\">\n<div class=\"featured_block_text\"><p><\/p>\n<\/div>\n<\/div>\n<\/div>\n<\/div>\n<div class=\"cmsmasters_column one_half\">\n<div id=\"cmsmasters_fb_xqnhrcksr8\" class=\"cmsmasters_featured_block\">\n<div class=\"featured_block_inner\">\n<div class=\"featured_block_text\">\n<div id=\"cmsmasters_heading_rwzkgrv71n\" class=\"cmsmasters_heading_wrap cmsmasters_heading_align_left\">\n\t<h2 class=\"cmsmasters_heading\">PROMOTIONSSTIPENDIEN<\/h2>\n<\/div><div class=\"cmsmasters_text\">\n<p style=\"color: #ffffff; font-size: 16px; line-height: 26px; text-align: left;\">Promotionsstipendien helfen jungen Wissenschaftlerinnen und Wissenschaftlern, durch eine finanzielle Unterst\u00fctzung ihre Promotionsarbeiten durchzuf\u00fchren und erfolgreich zu beenden. Die Stiftung Urologische Forschung hat in der Vergangenheit 14 Promotionsstipendien unterst\u00fctzt. Dabei sind in diesem Zeitraum mehr als 200 Originalpublikationen entstanden.<\/p>\n<\/div>\n<div id=\"cmsmasters_divider_75rs5vi1ns\" class=\"cl\"><\/div><div id=\"cmsmasters_button_w3xyv6uwi\" class=\"button_wrap\"><a href=\"https:\/\/stiftung-urologie.de\/wp-content\/uploads\/2024\/06\/Publikationsliste.pdf\" class=\"cmsmasters_button\"><span>PUBLIKATIONEN<\/span><\/a><\/div>\n<\/div>\n<\/div>\n<\/div>\n<\/div>\n<\/div>\n<\/div>\n<\/div>\n<\/div>\n<\/div>\n<div id=\"cmsmasters_row_leezqm2vpo\" class=\"cmsmasters_row cmsmasters_color_scheme_default cmsmasters_row_top_default cmsmasters_row_bot_default cmsmasters_row_boxed\">\n<div class=\"cmsmasters_row_outer_parent\">\n<div class=\"cmsmasters_row_outer\">\n<div class=\"cmsmasters_row_inner cmsmasters_row_no_margin\">\n<div class=\"cmsmasters_row_margin cmsmasters_row_columns_behavior\">\n<div class=\"cmsmasters_column one_half\">\n<div id=\"cmsmasters_fb_9us7u7eulb\" class=\"cmsmasters_featured_block\">\n<div class=\"featured_block_inner\">\n<div class=\"featured_block_text\">\n<div id=\"cmsmasters_heading_9us7u7eulb\" class=\"cmsmasters_heading_wrap cmsmasters_heading_align_right\">\n\t<h2 class=\"cmsmasters_heading\">STIFTUNGSPROFESSUREN<\/h2>\n<\/div><div class=\"cmsmasters_text\">\n<p style=\"color: #ffffff; font-size: 16px; line-height: 26px; text-align: right;\">Die Stiftung Urologische Forschung hat zwischen 2005 und 2022 zwei bedeutende Stiftungsprofessuren im Bereich der Kinderurologie und der minimalinvasiven Urologie an der Charit\u00e9 unterst\u00fczt. Aktuell f\u00f6rdern wir eine Stiftungsprofessur in der translationalen Uroonkologie.<\/p>\n<\/div>\n<div id=\"cmsmasters_divider_9us7u7eula\" class=\"cl\"><\/div><div id=\"cmsmasters_button_9us7u7eula\" class=\"button_wrap\"><a href=\"https:\/\/stiftung-urologie.de\/?project=stiftungsprofessuren\" class=\"cmsmasters_button\"><span>MEHR<\/span><\/a><\/div>\n<\/div>\n<\/div>\n<\/div>\n<\/div>\n<div class=\"cmsmasters_column one_half\">\n<div id=\"cmsmasters_fb_14sr9nmp6l\" class=\"cmsmasters_featured_block\">\n<div class=\"featured_block_inner\">\n<div class=\"featured_block_text\"><p><\/p>\n<\/div>\n<\/div>\n<\/div>\n<\/div>\n<\/div>\n<\/div>\n<\/div>\n<\/div>\n<\/div>\n<div id=\"cmsmasters_row_no4c4obw1h\" class=\"cmsmasters_row cmsmasters_color_scheme_default cmsmasters_row_top_default cmsmasters_row_bot_default cmsmasters_row_boxed\">\n<div class=\"cmsmasters_row_outer_parent\">\n<div class=\"cmsmasters_row_outer\">\n<div class=\"cmsmasters_row_inner cmsmasters_row_no_margin\">\n<div class=\"cmsmasters_row_margin cmsmasters_row_columns_behavior\">\n<div class=\"cmsmasters_column one_half\">\n<div class=\"cmsmasters_embed_wrap\">\n<iframe loading=\"lazy\" title=\"Portraits of inspiring women in translational medicine: Annika Fendler\" width=\"1111\" height=\"625\" src=\"https:\/\/www.youtube.com\/embed\/p7soUoZeHxM?feature=oembed\" frameborder=\"0\" allow=\"accelerometer; autoplay; clipboard-write; encrypted-media; gyroscope; picture-in-picture; web-share\" referrerpolicy=\"strict-origin-when-cross-origin\" allowfullscreen><\/iframe><\/div>\n<\/div>\n<div class=\"cmsmasters_column one_half\">\n<div id=\"cmsmasters_fb_kezidxar9\" class=\"cmsmasters_featured_block\">\n<div class=\"featured_block_inner\">\n<div class=\"featured_block_text\">\n<div id=\"cmsmasters_heading_ggwni9ekjm\" class=\"cmsmasters_heading_wrap cmsmasters_heading_align_left\">\n\t<h2 class=\"cmsmasters_heading\">SPITZENFORSCHUNG<\/h2>\n<\/div><div class=\"cmsmasters_text\">\n<p style=\"color: #ffffff; font-size: 16px; line-height: 26px; text-align: left;\">Aktuell f\u00f6rdert die Stiftung dank einer gro\u00dfz\u00fcgigen Privatspende den Aufbau der Forschungsgruppe \u201eOrganoide\u201c geleitet von Dr. rer. nat. Annika Fendler an der Klinik f\u00fcr Urologie (CCM) der Charit\u00e9. Ziel ist die Erforschung urologischer Krebserkrankungen mithilfe von Organoiden, Kulturen aus Stammzellen, die im Labor kultiviert werden und die Funktionalit\u00e4t menschlicher Organe nachahmen. Sie erm\u00f6glichen die Untersuchung molekularer Mechanismen sowie die Entwicklung neuer Behandlungsans\u00e4tze im Labor.<\/p>\n<\/div>\n<div id=\"cmsmasters_divider_lbb7w9z2zd\" class=\"cl\"><\/div><div id=\"cmsmasters_button_z3xmxwmjs6\" class=\"button_wrap\"><a href=\"https:\/\/stiftung-urologie.de\/?project=entwicklung-einer-kultivierungsmethode-fuer-prostataorganoide\" class=\"cmsmasters_button\"><span>PROJEKTE DER FORSCHUNGSGRUPPE<\/span><\/a><\/div>\n<\/div>\n<\/div>\n<\/div>\n<\/div>\n<\/div>\n<\/div>\n<\/div>\n<\/div>\n<\/div>\n<div id=\"cmsmasters_row_3y68eh1bpu\" class=\"cmsmasters_row cmsmasters_color_scheme_default cmsmasters_row_top_default cmsmasters_row_bot_default cmsmasters_row_boxed\">\n<div class=\"cmsmasters_row_outer_parent\">\n<div class=\"cmsmasters_row_outer\">\n<div class=\"cmsmasters_row_inner cmsmasters_row_no_margin\">\n<div class=\"cmsmasters_row_margin cmsmasters_row_columns_behavior\">\n<div class=\"cmsmasters_column one_half\">\n<div id=\"cmsmasters_fb_yfnhsixgzn\" class=\"cmsmasters_featured_block\">\n<div class=\"featured_block_inner\">\n<div class=\"featured_block_text\">\n<div id=\"cmsmasters_heading_9us7u7eulb\" class=\"cmsmasters_heading_wrap cmsmasters_heading_align_right\">\n\t<h2 class=\"cmsmasters_heading\">WEITERE PROJEKTE<\/h2>\n<\/div><div class=\"cmsmasters_text\">\n<p style=\"color: #ffffff; font-size: 16px; line-height: 26px; text-align: right;\">Die Stiftung Urologie unterst\u00fctzt dar\u00fcber hinaus die Teilnahme junger Wissenschaftlerinnen und Wissenschaftler an Forschungskongressen und Fachveranstaltungen, vergibt Forschungs- und Publikationspreise und f\u00f6rdert ein forschungsorientiertes Medizinstudium im Einzelfall zielorientiert und unkompliziert. Einmal im Jahr richten wir ein Stiftungsfest aus, um in einem festlichen Rahmen den Freunden und F\u00f6rderern der Stiftung f\u00fcr Ihre Unterst\u00fctzung zu danken.<\/p>\n<\/div>\n<div id=\"cmsmasters_divider_9us7u7eulb\" class=\"cl\"><\/div><div id=\"cmsmasters_button_9us7u7eulb\" class=\"button_wrap\"><a href=\"https:\/\/stiftung-urologie.de\/?p=14234\" class=\"cmsmasters_button\"><span>MEHR<\/span><\/a><\/div>\n<\/div>\n<\/div>\n<\/div>\n<\/div>\n<div class=\"cmsmasters_column one_half\">\n<div id=\"cmsmasters_fb_i9ux4ha19m\" class=\"cmsmasters_featured_block\">\n<div class=\"featured_block_inner\">\n<div class=\"featured_block_text\"><p><\/p>\n<\/div>\n<\/div>\n<\/div>\n<\/div>\n<\/div>\n<\/div>\n<\/div>\n<\/div>\n<\/div>\n<div id=\"cmsmasters_row_pbcg62v2q\" class=\"cmsmasters_row cmsmasters_color_scheme_default cmsmasters_row_top_default cmsmasters_row_bot_default cmsmasters_row_boxed\">\n<div class=\"cmsmasters_row_outer_parent\">\n<div class=\"cmsmasters_row_outer\">\n<div class=\"cmsmasters_row_inner\">\n<div class=\"cmsmasters_row_margin\">\n<div class=\"cmsmasters_column one_first\">\n<\/div>\n<\/div>\n<\/div>\n<\/div>\n<\/div>\n<\/div>\n\n","protected":false},"excerpt":{"rendered":"","protected":false},"author":2,"featured_media":0,"parent":0,"menu_order":0,"comment_status":"closed","ping_status":"closed","template":"","meta":{"footnotes":""},"class_list":["post-9861","page","type-page","status-publish","hentry"],"_links":{"self":[{"href":"https:\/\/stiftung-urologie.de\/index.php?rest_route=\/wp\/v2\/pages\/9861","targetHints":{"allow":["GET"]}}],"collection":[{"href":"https:\/\/stiftung-urologie.de\/index.php?rest_route=\/wp\/v2\/pages"}],"about":[{"href":"https:\/\/stiftung-urologie.de\/index.php?rest_route=\/wp\/v2\/types\/page"}],"author":[{"embeddable":true,"href":"https:\/\/stiftung-urologie.de\/index.php?rest_route=\/wp\/v2\/users\/2"}],"replies":[{"embeddable":true,"href":"https:\/\/stiftung-urologie.de\/index.php?rest_route=%2Fwp%2Fv2%2Fcomments&post=9861"}],"version-history":[{"count":40,"href":"https:\/\/stiftung-urologie.de\/index.php?rest_route=\/wp\/v2\/pages\/9861\/revisions"}],"predecessor-version":[{"id":14257,"href":"https:\/\/stiftung-urologie.de\/index.php?rest_route=\/wp\/v2\/pages\/9861\/revisions\/14257"}],"wp:attachment":[{"href":"https:\/\/stiftung-urologie.de\/index.php?rest_route=%2Fwp%2Fv2%2Fmedia&parent=9861"}],"curies":[{"name":"wp","href":"https:\/\/api.w.org\/{rel}","templated":true}]}}